{"id":53,"date":"2017-03-30T15:33:18","date_gmt":"2017-03-30T13:33:18","guid":{"rendered":"https:\/\/fahrschule-schenk.com\/?page_id=53"},"modified":"2024-12-04T15:17:59","modified_gmt":"2024-12-04T13:17:59","slug":"anmeldung","status":"publish","type":"page","link":"https:\/\/www.fahrschule-schenk.com\/?page_id=53","title":{"rendered":"Anmeldung"},"content":{"rendered":"\n<div class=\"wp-block-columns is-layout-flex wp-container-core-columns-is-layout-9d6595d7 wp-block-columns-is-layout-flex\">\n<div class=\"wp-block-column is-layout-flow wp-block-column-is-layout-flow\" style=\"flex-basis:100%\">\n<p>Auf dieser Seite bieten wir Ihnen 3 M\u00f6glichkeiten, sich ganz einfach und bequem zum F\u00fchrerschein, Kursen\/Seminaren oder Weiterbildungen anzumelden. Bei Schwierigkeiten z\u00f6gern Sie nicht uns anzurufen. Wir helfen Ihnen gerne weiter.<\/p>\n\n\n\n<div class=\"wp-block-columns is-layout-flex wp-container-core-columns-is-layout-9d6595d7 wp-block-columns-is-layout-flex\">\n<div class=\"wp-block-column is-layout-flow wp-block-column-is-layout-flow\" style=\"flex-basis:100%\">\n<p><\/p>\n\n\n\n<div class=\"wp-block-columns is-layout-flex wp-container-core-columns-is-layout-9d6595d7 wp-block-columns-is-layout-flex\">\n<div class=\"wp-block-column is-layout-flow wp-block-column-is-layout-flow\">\n<h5 class=\"wp-block-heading\">Fahrschule Schenk<br>Augsburger Stra\u00dfe 20<br>86551 Aichach<\/h5>\n\n\n\n<h5 class=\"wp-block-heading\">Tel.: 0 8251 \/ 50 896<br>Fax: 0 8251 \/ 52 569<br>info@fahrschule-schenk.com<\/h5>\n<\/div>\n\n\n\n<div class=\"wp-block-column is-layout-flow wp-block-column-is-layout-flow\">\n<p>Montag: <\/p>\n\n\n\n<p>09.00 Uhr bis 14.00 Uhr und 15.00 Uhr bis 19.00 Uhr<\/p>\n\n\n\n<p>Dienstag: <\/p>\n\n\n\n<p>08.00 Uhr bis 12.00 Uhr und 13.00 Uhr bis 17.00 Uhr<\/p>\n\n\n\n<p>Mittwoch: <\/p>\n\n\n\n<p>09.00 Uhr bis 14.00 Uhr und 15.00 Uhr bis 19.00 Uhr<\/p>\n\n\n\n<p>Donnerstag: <\/p>\n\n\n\n<p>08.00 Uhr bis 12.00 Uhr und 13.00 Uhr bis 17.00 Uhr<\/p>\n\n\n\n<p>Freitag: <\/p>\n\n\n\n<p>08.00 Uhr bis 14.00 Uhr<\/p>\n<\/div>\n<\/div>\n<\/div>\n<\/div>\n<\/div>\n<\/div>\n\n\n<div class=\"row\"> <div class=\"col-md-4  \">\n<a href=\"https:\/\/fahrschule-schenk.com\/?page_id=524\" target=\"_self\" class=\"kad-icon-box-66  kad-icon-box \"><i class=\"icon-profile\" style=\"font-size:48px;\"><\/i>\n<h4>ONLINE-Anmeldung (der schnellste Weg)<\/h4>\n<p>Direkt online ausf\u00fcllen und abschicken &#8211; fertig.<\/p>\n<\/a><style type=\"text\/css\" media=\"screen\">.kad-icon-box-66 {background:#dd3333;} .kad-icon-box-66, .kad-icon-box-66 h1, .kad-icon-box-66 h2, .kad-icon-box-66 h3, .kad-icon-box-66 h4, .kad-icon-box-66 h5 {color:#ffffff !important;} .kad-icon-box-66:hover {background:#000000;} .kad-icon-box-66:hover, .kad-icon-box-66:hover h1, .kad-icon-box-66:hover h2, .kad-icon-box-66:hover h3, .kad-icon-box-66:hover h4, .kad-icon-box-66:hover h5 {color:#ffffff !important;}<\/style>\n<p>Mit Absenden des Online-Formulares erkennen Sie unsere <a href=\"https:\/\/fahrschule-schenk.com\/?page_id=953\">Datenschutzbestimmungen<\/a> an.<\/p>\n<\/div><div class=\"col-md-4  \">\n<a href=\"https:\/\/fahrschule-schenk.com\/wp-content\/uploads\/2017\/08\/Anmeldung_Schenk2.pdf\" target=\"_self\" class=\"kad-icon-box-23  kad-icon-box \"><i class=\"icon-file-pdf\" style=\"font-size:48px;\"><\/i>\n<h4>PDF-Formular zum ausdrucken<\/h4>\n<p>Ausdrucken, ausf\u00fcllen und per Post, Fax oder Email an uns zur\u00fcckschicken.<\/p>\n<\/a><style type=\"text\/css\" media=\"screen\">.kad-icon-box-23 {background:#dd3333;} .kad-icon-box-23, .kad-icon-box-23 h1, .kad-icon-box-23 h2, .kad-icon-box-23 h3, .kad-icon-box-23 h4, .kad-icon-box-23 h5 {color:#ffffff !important;} .kad-icon-box-23:hover {background:#000000;} .kad-icon-box-23:hover, .kad-icon-box-23:hover h1, .kad-icon-box-23:hover h2, .kad-icon-box-23:hover h3, .kad-icon-box-23:hover h4, .kad-icon-box-23:hover h5 {color:#ffffff !important;}<\/style>\n<p>Das Anmeldeformular \u00f6ffnet sich als PDF-Datei in einem neuen Browserfenster. \u00d6ffnen Sie das Formular im Acrobat Reader oder drucken Sie das Formlar aus, f\u00fcllen die f\u00fcr Sie relevanten Felder aus und schicken es dann an uns zur\u00fcck, per Email, Fax oder auf dem Postweg. Mit Absenden des PDF-Formulares erkennen Sie unsere <a href=\"https:\/\/fahrschule-schenk.com\/?page_id=953\">Datenschutzbestimmungen<\/a> an.<\/p>\n<\/div><div class=\"col-md-4  \">\n<a href=\"#\" target=\"_self\" class=\"kad-icon-box-20  kad-icon-box \"><i class=\"icon-people\" style=\"font-size:48px;\"><\/i>\n<h4>VOR-ORT Service<\/h4>\n<p>Melden Sie einfach direkt bei uns vor Ort an. Gerne helfen wir Ihnen weiter.<\/p>\n<\/a><style type=\"text\/css\" media=\"screen\">.kad-icon-box-20 {background:#dd3333;} .kad-icon-box-20, .kad-icon-box-20 h1, .kad-icon-box-20 h2, .kad-icon-box-20 h3, .kad-icon-box-20 h4, .kad-icon-box-20 h5 {color:#ffffff !important;} .kad-icon-box-20:hover {background:#000000;} .kad-icon-box-20:hover, .kad-icon-box-20:hover h1, .kad-icon-box-20:hover h2, .kad-icon-box-20:hover h3, .kad-icon-box-20:hover h4, .kad-icon-box-20:hover h5 {color:#ffffff !important;}<\/style>\n<p>Aufgrund der aktuellen Situation, <span style=\"color: #ff0000;\">vereinbaren Sie bitte einen Termin unter 08251 50896<\/span> zu den oben angegebenen \u00d6ffnungszeiten.<\/p>\n<\/div><\/div>","protected":false},"excerpt":{"rendered":"<p>Auf dieser Seite bieten wir Ihnen 3 M\u00f6glichkeiten, sich ganz einfach und bequem zum F\u00fchrerschein, Kursen\/Seminaren oder Weiterbildungen anzumelden. Bei Schwierigkeiten z\u00f6gern Sie nicht uns anzurufen. Wir helfen Ihnen gerne weiter. Fahrschule SchenkAugsburger Stra\u00dfe 2086551 Aichach Tel.: 0 8251 \/ 50 896Fax: 0 8251 \/ 52 569info@fahrschule-schenk.com Montag: 09.00 Uhr bis 14.00 Uhr und 15.00 Uhr bis 19.00 Uhr Dienstag: 08.00 Uhr bis 12.00 Uhr und 13.00 Uhr bis 17.00 Uhr Mittwoch: 09.00 Uhr bis 14.00 Uhr und 15.00 Uhr &hellip; <a class=\"kt-excerpt-readmore\" href=\"https:\/\/www.fahrschule-schenk.com\/?page_id=53\" aria-label=\"Anmeldung\">Weiterlesen<\/a><\/p>\n","protected":false},"author":1,"featured_media":0,"parent":0,"menu_order":2,"comment_status":"closed","ping_status":"closed","template":"","meta":{"kt_blocks_editor_width":"","footnotes":""},"class_list":["post-53","page","type-page","status-publish","hentry"],"publishpress_future_action":{"enabled":false,"date":"2026-04-26 04:48:03","action":"change-status","newStatus":"draft","terms":[],"taxonomy":"","extraData":[]},"publishpress_future_workflow_manual_trigger":{"enabledWorkflows":[]},"_links":{"self":[{"href":"https:\/\/www.fahrschule-schenk.com\/index.php?rest_route=\/wp\/v2\/pages\/53","targetHints":{"allow":["GET"]}}],"collection":[{"href":"https:\/\/www.fahrschule-schenk.com\/index.php?rest_route=\/wp\/v2\/pages"}],"about":[{"href":"https:\/\/www.fahrschule-schenk.com\/index.php?rest_route=\/wp\/v2\/types\/page"}],"author":[{"embeddable":true,"href":"https:\/\/www.fahrschule-schenk.com\/index.php?rest_route=\/wp\/v2\/users\/1"}],"replies":[{"embeddable":true,"href":"https:\/\/www.fahrschule-schenk.com\/index.php?rest_route=%2Fwp%2Fv2%2Fcomments&post=53"}],"version-history":[{"count":97,"href":"https:\/\/www.fahrschule-schenk.com\/index.php?rest_route=\/wp\/v2\/pages\/53\/revisions"}],"predecessor-version":[{"id":2791,"href":"https:\/\/www.fahrschule-schenk.com\/index.php?rest_route=\/wp\/v2\/pages\/53\/revisions\/2791"}],"wp:attachment":[{"href":"https:\/\/www.fahrschule-schenk.com\/index.php?rest_route=%2Fwp%2Fv2%2Fmedia&parent=53"}],"curies":[{"name":"wp","href":"https:\/\/api.w.org\/{rel}","templated":true}]}}