{"id":524,"date":"2017-08-12T12:37:13","date_gmt":"2017-08-12T10:37:13","guid":{"rendered":"https:\/\/fahrschule-schenk.com\/?page_id=524"},"modified":"2026-04-10T11:44:23","modified_gmt":"2026-04-10T09:44:23","slug":"anmeldung-online","status":"publish","type":"page","link":"https:\/\/www.fahrschule-schenk.com\/?page_id=524","title":{"rendered":"Anmeldung &#8211; online"},"content":{"rendered":"\n<p class=\"has-kb-palette-2-color has-text-color has-link-color wp-elements-b208c75b86cc81eb299559b3578f96e4\"><strong>Wichtiger Hinweis:<\/strong><br>Bitte geben Sie bei der Anmeldung immer die Kontaktdaten\u00a0<strong>des Fahrsch\u00fclers\/der Fahrsch\u00fclerin<\/strong>\u00a0an (E-Mail-Adresse und Telefonnummer) \u2013 auch dann, wenn die Eltern das Formular ausf\u00fcllen. Wir ben\u00f6tigen die Erreichbarkeit des Fahrsch\u00fclers direkt, nicht die der Eltern.<br><br>Bitte geben Sie au\u00dferdem an, ob bereits ein\u00a0<strong>Vorbesitz einer Fahrerlaubnis<\/strong>\u00a0besteht. Falls ja, teilen Sie uns bitte unbedingt die\u00a0<strong>F\u00fchrerscheinklasse<\/strong>\u00a0sowie das\u00a0<strong>Datum des Erwerbs<\/strong>\u00a0mit.<\/p>\n\n\n<form enctype=\"multipart\/form-data\" method=\"post\" id=\"psfb525\" action=\"https:\/\/www.fahrschule-schenk.com\/?page_id=524\" class=\"planso-form-builder\" data-id=\"525\" data-cnt=\"1\" id=\"planso_forms_525_1\" data-locale=\"de\" data-locale_long=\"de_DE\" data-datepicker=\"bootstrap-datetimepicker\" data-date_format=\"j. F Y\" data-moment_date_format=\"D. MMMM YYYY\" data-jqueryui_date_format=\"d. MM yy\" data-eternicode_date_format=\"d. MM yyyy\"><div class=\"container-fluid\"><input type=\"hidden\" name=\"psfb_pageurl\" value=\"https:\/\/www.fahrschule-schenk.com\/?page_id=524\"\/><input type=\"hidden\" name=\"psfb_userip\" value=\"216.73.217.82\"\/><input type=\"hidden\" name=\"psfb_useragent\" value=\"Mozilla\/5.0 AppleWebKit\/537.36 (KHTML, like Gecko; compatible; ClaudeBot\/1.0; +claudebot@anthropic.com)\"\/><input type=\"hidden\" name=\"psfb_landingpage\" value=\"http:\/\/www.fahrschule-schenk.com\/robots.txt\"\/><input type=\"hidden\" name=\"psfb_referer\" value=\"Direct\"\/><input type=\"hidden\" name=\"psfb_page_id\" value=\"524\"\/><input type=\"hidden\" name=\"psfb_form_submit\" value=\"1\"\/><input type=\"hidden\" name=\"psfb_form_id\" value=\"525\"\/><input type=\"hidden\" name=\"psfb_form_cnt\" value=\"1\"\/><div style=\"display:none\"><input type=\"text\" name=\"psfb_hon_as\"\/><\/div><div style=\"display:none\"><input type=\"text\" name=\"psfb_hon_as2\" id=\"psfb_hon_as2_525_1\" value=\"167b41959d0721dfe25ef06e520a954a\"\/><\/div><div style=\"display:none\"><input type=\"text\" name=\"psfb_cnt_check\" value=\"1\"\/><\/div><div class=\"row\"><div class=\"col-md-3\"><div class=\"form-group psfb-single-container\"><label class=\"control-label\" for=\"psfield_525_1\">Anrede<\/label><input type=\"text\" name=\"Anrede\" placeholder=\"Frau \/ Herr \/ Divers\" class=\"form-control  \" id=\"psfield_525_1\" style=\"\"\/><\/div><\/div><div class=\"col-md-3\"><div class=\"form-group psfb-single-container\"><label class=\"control-label\" for=\"psfield_525_2\">Vorname <span class=\"psfb_required_mark\">*<\/span><\/label><input type=\"text\" required=\"required\" data-required=\"required\" name=\"Vorname_\" placeholder=\"(bitte alle Vornamen angeben)\" class=\"form-control  \" id=\"psfield_525_2\" style=\"\"\/><\/div><\/div><div class=\"col-md-3\"><div class=\"form-group psfb-single-container\"><label class=\"control-label\" for=\"psfield_525_3\">Nachname<span class=\"psfb_required_mark\">*<\/span><\/label><input type=\"text\" required=\"required\" data-required=\"required\" name=\"Nachname\" class=\"form-control  \" id=\"psfield_525_3\" style=\"\"\/><\/div><\/div><div class=\"col-md-3\"><div class=\"form-group psfb-single-container\"><label class=\"control-label\" for=\"psfield_525_4\">Geburtsname<\/label><input type=\"text\" name=\"Geburtsname\" class=\"form-control  \" id=\"psfield_525_4\" style=\"\"\/><\/div><\/div><\/div><div class=\"row\"><div class=\"col-md-4\"><div class=\"form-group psfb-single-container\"><label class=\"control-label\" for=\"psfield_525_5\">Stra\u00dfe<span class=\"psfb_required_mark\">*<\/span><\/label><input type=\"text\" required=\"required\" data-required=\"required\" name=\"Stra_e\" class=\"form-control  \" id=\"psfield_525_5\" style=\"\"\/><\/div><\/div><div class=\"col-md-4\"><div class=\"form-group psfb-single-container\"><label class=\"control-label\" for=\"psfield_525_6\">PLZ<span class=\"psfb_required_mark\">*<\/span><\/label><input type=\"text\" required=\"required\" data-required=\"required\" name=\"PLZ\" class=\"form-control  \" id=\"psfield_525_6\" style=\"\"\/><\/div><\/div><div class=\"col-md-4\"><div class=\"form-group psfb-single-container\"><label class=\"control-label\" for=\"psfield_525_7\">Ort<span class=\"psfb_required_mark\">*<\/span><\/label><input type=\"text\" required=\"required\" data-required=\"required\" name=\"Ort\" class=\"form-control  \" id=\"psfield_525_7\" style=\"\"\/><\/div><\/div><\/div><div class=\"row\"><div class=\"col-md-4\"><div class=\"form-group psfb-single-container\"><label class=\"control-label\" for=\"psfield_525_8\">Geburtsdatum<span class=\"psfb_required_mark\">*<\/span><\/label><input type=\"text\" required=\"required\" data-required=\"required\" name=\"Geburtsdatum\" class=\"form-control  \" id=\"psfield_525_8\" style=\"\"\/><\/div><\/div><div class=\"col-md-4\"><div class=\"form-group psfb-single-container\"><label class=\"control-label\" for=\"psfield_525_9\">Geburtsort<span class=\"psfb_required_mark\">*<\/span><\/label><input type=\"text\" required=\"required\" data-required=\"required\" name=\"Geburtsort\" class=\"form-control  \" id=\"psfield_525_9\" style=\"\"\/><\/div><\/div><div class=\"col-md-4\"><div class=\"form-group psfb-single-container\"><label class=\"control-label\" for=\"psfield_525_10\">Staatsangeh\u00f6rigkeit<span class=\"psfb_required_mark\">*<\/span><\/label><input type=\"text\" required=\"required\" data-required=\"required\" name=\"Staatsangeh_rigkeit\" class=\"form-control  \" id=\"psfield_525_10\" style=\"\"\/><\/div><\/div><\/div><div class=\"row\"><div class=\"col-md-4\"><div class=\"form-group psfb-single-container\"><label class=\"control-label\" for=\"psfield_525_11\">Festnetznummer<\/label><input type=\"tel\" name=\"Festnetznummer\" class=\"form-control  \" id=\"psfield_525_11\" style=\"\"\/><\/div><\/div><div class=\"col-md-4\"><div class=\"form-group psfb-single-container\"><label class=\"control-label\" for=\"psfield_525_12\">Handynummer<\/label><input type=\"tel\" name=\"Handynummer\" class=\"form-control  \" id=\"psfield_525_12\" style=\"\"\/><\/div><\/div><div class=\"col-md-4\"><div class=\"form-group psfb-single-container\"><label class=\"control-label\" for=\"psfield_525_13\">E-Mail<span class=\"psfb_required_mark\">*<\/span><\/label><input type=\"email\" required=\"required\" data-required=\"required\" name=\"E_Mail\" class=\"form-control  \" id=\"psfield_525_13\" style=\"\"\/><\/div><\/div><\/div><div class=\"row\"><div class=\"col-md-12\"><div class=\"form-group psfb-single-container\"><hr class=\"\"><\/div><\/div><\/div><div class=\"row\"><div class=\"col-md-6\"><div class=\"form-group psfb-single-container\"><label class=\"control-label\" for=\"psfield_525_15\">Sehhilfe (Brille\/Kontaktlinsen)<span class=\"psfb_required_mark\">*<\/span><\/label><select required=\"required\" data-required=\"required\" name=\"Sehhilfe__Brille_Kontaktlinsen_\" class=\"form-control  \" id=\"psfield_525_15\" style=\"\"><option value=\"ja\">ja<\/option><option value=\"nein\">nein<\/option><option value=\"w\u00e4hlen\" selected=\"selected\">w\u00e4hlen<\/option><\/select><\/div><\/div><div class=\"col-md-6\"><div class=\"form-group psfb-single-container\"><label class=\"control-label\" for=\"psfield_525_16\">K\u00f6rperliche\/Geistige Einschr\u00e4nkungen<span class=\"psfb_required_mark\">*<\/span><\/label><select required=\"required\" data-required=\"required\" name=\"K_rperliche_Geistige_Einschr_nkungen\" class=\"form-control  \" id=\"psfield_525_16\" style=\"\"><option value=\"habe ich nicht\">habe ich nicht<\/option><option value=\"habe ich folgende:\">habe ich folgende:<\/option><option value=\"w\u00e4hlen\" selected=\"selected\">w\u00e4hlen<\/option><\/select><\/div><\/div><\/div><div class=\"row\"><div class=\"col-md-6\"><div class=\"form-group psfb-single-container\"><hr class=\"\"><\/div><\/div><div class=\"col-md-6\"><div class=\"form-group psfb-single-container\"><label class=\"control-label\" for=\"psfield_525_18\">wenn zutreffend ausf\u00fcllen:<\/label><input type=\"text\" name=\"wenn_zutreffend_ausf_llen_\" class=\"form-control  \" id=\"psfield_525_18\" style=\"\"\/><\/div><\/div><\/div><div class=\"row\"><div class=\"col-md-12\"><div class=\"form-group psfb-single-container\"><h1 class=\"\">Welche F\u00fchrerscheinklassen m\u00f6chtest du machen?<\/h1><\/div><\/div><\/div><div class=\"row\"><div class=\"col-md-4\"><div class=\"form-group psfb-single-container\"><label class=\"control-label\" for=\"psfield_525_20\">PKW-Klassen<\/label><select multiple=\"multiple\" name=\"PKW_Klassen[]\" class=\"form-control  \" id=\"psfield_525_20\" style=\"\"><option value=\"B\">B<\/option><option value=\"BE\">BE<\/option><option value=\"B96\">B96<\/option><option value=\"B197\">B197<\/option><option value=\"SZ78 (rein Automatik)\">SZ78 (rein Automatik)<\/option><\/select><p class=\"help-block\">Mehrfach Auswahl m\u00f6glich<\/p><\/div><\/div><div class=\"col-md-4\"><div class=\"form-group psfb-single-container\"><label class=\"control-label\" for=\"psfield_525_21\">Motorrad-Klassen<\/label><select multiple=\"multiple\" name=\"Motorrad_Klassen_1[]\" class=\"form-control  \" id=\"psfield_525_21\" style=\"\"><option value=\"Mofa\">Mofa<\/option><option value=\"AM\">AM<\/option><option value=\"A1\">A1<\/option><option value=\"A2\">A2<\/option><option value=\"A\">A<\/option><option value=\"B196\">B196<\/option><\/select><p class=\"help-block\">Mehrfach Auswahl m\u00f6glich<\/p><\/div><\/div><div class=\"col-md-4\"><div class=\"form-group psfb-single-container\"><label class=\"control-label\" for=\"psfield_525_22\">LKW-Klassen<\/label><select multiple=\"multiple\" name=\"LKW_Klassen_1[]\" class=\"form-control  \" id=\"psfield_525_22\" style=\"\"><option value=\"C1\">C1<\/option><option value=\"C1E\">C1E<\/option><option value=\"C\">C<\/option><option value=\"CE\">CE<\/option><\/select><p class=\"help-block\">Mehrfach Auswahl m\u00f6glich<\/p><\/div><\/div><\/div><div class=\"row\"><div class=\"col-md-6\"><div class=\"form-group psfb-single-container\"><label class=\"control-label\" for=\"psfield_525_23\">Bus-Klassen<\/label><select multiple=\"multiple\" name=\"Bus_Klassen_1[]\" class=\"form-control  \" id=\"psfield_525_23\" style=\"\"><option value=\"D1\">D1<\/option><option value=\"D1E\">D1E<\/option><option value=\"D\">D<\/option><option value=\"DE\">DE<\/option><\/select><p class=\"help-block\">Mehrfach Auswahl m\u00f6glich<\/p><\/div><\/div><div class=\"col-md-6\"><div class=\"form-group psfb-single-container\"><label class=\"control-label\" for=\"psfield_525_24\">Sonder-Klassen<\/label><select multiple=\"multiple\" name=\"Sonder_Klassen_1[]\" class=\"form-control  \" id=\"psfield_525_24\" style=\"\"><option value=\"T\">T<\/option><option value=\"L\">L<\/option><\/select><p class=\"help-block\">Mehrfach Auswahl m\u00f6glich<\/p><\/div><\/div><\/div><div class=\"row\"><div class=\"col-md-12\"><div class=\"form-group psfb-single-container\"><hr class=\"\"><\/div><\/div><\/div><div class=\"row\"><div class=\"col-md-6\"><div class=\"form-group psfb-single-container\"><h1 class=\"\">Kurse \/ Seminare<\/h1><\/div><\/div><div class=\"col-md-6\"><div class=\"form-group psfb-single-container\"><h1 class=\"\">Weiterbildungen<\/h1><\/div><\/div><\/div><div class=\"row\"><div class=\"col-md-6\"><div class=\"form-group psfb-single-container\"><label class=\"control-label\" for=\"psfield_525_28\">Kurse \/ Seminare<\/label><select multiple=\"multiple\" name=\"Kurse___Seminare[]\" class=\"form-control  \" id=\"psfield_525_28\" style=\"\"><option value=\"ASF\">ASF<\/option><option value=\"FES\">FES<\/option><option value=\"EHK - Erste Hilfe Kurs\">EHK - Erste Hilfe Kurs<\/option><option value=\"MPU - Beratung\">MPU - Beratung<\/option><\/select><p class=\"help-block\">Mehrfach Auswahl m\u00f6glich<\/p><\/div><\/div><div class=\"col-md-6\"><div class=\"form-group psfb-single-container\"><label class=\"control-label\" for=\"psfield_525_29\">Weiterbildungen<\/label><select multiple=\"multiple\" name=\"Weiterbildungen[]\" class=\"form-control  \" id=\"psfield_525_29\" style=\"\"><option value=\"BKF Modul 1\">BKF Modul 1<\/option><option value=\"BKF Modul 2\">BKF Modul 2<\/option><option value=\"BKF Modul 3\">BKF Modul 3<\/option><option value=\"BKF Modul 4\">BKF Modul 4<\/option><option value=\"BKF Modul 5\">BKF Modul 5<\/option><option value=\"Beschl. Grundqualifikation\">Beschl. Grundqualifikation<\/option><option value=\"ADR\">ADR<\/option><option value=\"Staplerkurs\">Staplerkurs<\/option><option value=\"LKW-Ladekran\">LKW-Ladekran<\/option><option value=\"Baumaschinenf\u00fchrer\">Baumaschinenf\u00fchrer<\/option><option value=\"Erdbaumaschinenf\u00fchrer\">Erdbaumaschinenf\u00fchrer<\/option><option value=\"Grundqualifikation\">Grundqualifikation<\/option><option value=\"Vorbereitung Unternehmerpr\u00fcfung (IHK)\">Vorbereitung Unternehmerpr\u00fcfung (IHK)<\/option><\/select><p class=\"help-block\">Mehrfach Auswahl m\u00f6glich<\/p><\/div><\/div><\/div><div class=\"row\"><div class=\"col-md-12\"><div class=\"form-group psfb-single-container\"><h1 class=\"\">Sonstiges<\/h1><\/div><\/div><\/div><div class=\"row\"><div class=\"col-md-6\"><div class=\"form-group psfb-single-container\"><label class=\"control-label\" for=\"psfield_525_31\">Vorbesitz<span class=\"psfb_required_mark\">*<\/span><\/label><select multiple=\"multiple\" required=\"required\" data-required=\"required\" name=\"Vorbesitz[]\" class=\"form-control  \" id=\"psfield_525_31\" style=\"\"><option value=\"AM\">AM<\/option><option value=\"A1\">A1<\/option><option value=\"A2\">A2<\/option><option value=\"A\">A<\/option><option value=\"B\/bF17\">B\/bF17<\/option><option value=\"BE\">BE<\/option><option value=\"C1\">C1<\/option><option value=\"C1E\">C1E<\/option><option value=\"C\">C<\/option><option value=\"CE\">CE<\/option><option value=\"D\">D<\/option><option value=\"DE\">DE<\/option><option value=\"L\">L<\/option><option value=\"T\">T<\/option><option value=\"Keinen\">Keinen<\/option><\/select><p class=\"help-block\">Mehrfach Auswahl m\u00f6glich \n(wenn zutreffend bitte auch das n\u00e4chste Feld mit Datum ausf\u00fcllen)<\/p><\/div><\/div><div class=\"col-md-6\"><div class=\"form-group psfb-single-container\"><label class=\"control-label\" for=\"psfield_525_32\">Vorbesitz seit<\/label><textarea name=\"Vorbesitz_seit\" placeholder=\"Bitte Datum angeben\" class=\"form-control  \" id=\"psfield_525_32\" style=\"\"><\/textarea><\/div><\/div><\/div><div class=\"row\"><div class=\"col-md-12\"><div class=\"form-group psfb-single-container\"><label class=\"control-label\" for=\"psfield_525_33\">Sonstige Anmerkungen<\/label><textarea name=\"Sonstige_Anmerkungen\" class=\"form-control  \" id=\"psfield_525_33\" style=\"\"><\/textarea><p class=\"help-block\">Mehrfach Auswahl m\u00f6glich<\/p><\/div><\/div><\/div><div class=\"row\"><div class=\"col-md-12\"><div class=\"form-group psfb-single-container\"><label class=\"control-label\" for=\"psfield_525_34\">Datenschutz<span class=\"psfb_required_mark\">*<\/span><\/label><div class=\"checkbox_wrapper\"><label class=\"checkbox-inline checkbox_wrapper\" style=\"\"><input data-required=\"required\" type=\"checkbox\" value=\"Die Datenschutzerkl\u00e4rung habe ich gelesen und akzeptiert. (Pflichtfeld)\" name=\"Datenschutz[]\" id=\"psfield_525_34_1\">Die Datenschutzerkl\u00e4rung habe ich gelesen und akzeptiert. (Pflichtfeld)<\/label><\/div><\/div><\/div><\/div><div class=\"row\"><div class=\"col-md-12\"><div class=\"form-group psfb-single-container\"><p class=\"\">Bitte f\u00fcllen Sie alle erforderlichen Felder aus, nach Erhalt Ihrer Angaben melden wir uns bei Ihnen. Vielen Dank f\u00fcr Ihre Anmeldung. Die Anmeldung ist verbindlich. Mit dem Absenden stimmen Sie unseren Datenschutzbedingungen und ABGs zu. * Pflichtfeld<\/p><\/div><\/div><\/div><div class=\"row\"><div class=\"col-md-12\"><div class=\"form-group psfb-single-container\"><div style=\"position:relative;z-index:1;\"><button type=\"submit\" class=\"btn btn-primary                                                                  \" id=\"psfield_525_36\" style=\"\">Senden<\/button><\/div><\/div><\/div><\/div><div class=\"row\"><div class=\"col-md-12\"><div class=\"form-group psfb-single-container\"><hr class=\"\"><\/div><\/div><\/div><div class=\"row\"><div class=\"col-md-12\"><div class=\"form-group psfb-single-container\"><hr class=\"\"><\/div><\/div><\/div><\/div><\/form>","protected":false},"excerpt":{"rendered":"<p>Wichtiger Hinweis:Bitte geben Sie bei der Anmeldung immer die Kontaktdaten\u00a0des Fahrsch\u00fclers\/der Fahrsch\u00fclerin\u00a0an (E-Mail-Adresse und Telefonnummer) \u2013 auch dann, wenn die Eltern das Formular ausf\u00fcllen. Wir ben\u00f6tigen die Erreichbarkeit des Fahrsch\u00fclers direkt, nicht die der Eltern. Bitte geben Sie au\u00dferdem an, ob bereits ein\u00a0Vorbesitz einer Fahrerlaubnis\u00a0besteht. Falls ja, teilen Sie uns bitte unbedingt die\u00a0F\u00fchrerscheinklasse\u00a0sowie das\u00a0Datum des Erwerbs\u00a0mit.<\/p>\n","protected":false},"author":1,"featured_media":0,"parent":0,"menu_order":3,"comment_status":"closed","ping_status":"closed","template":"","meta":{"kt_blocks_editor_width":"","footnotes":""},"class_list":["post-524","page","type-page","status-publish","hentry"],"publishpress_future_action":{"enabled":false,"date":"2026-04-26 08:14:19","action":"change-status","newStatus":"draft","terms":[],"taxonomy":"","extraData":[]},"publishpress_future_workflow_manual_trigger":{"enabledWorkflows":[]},"_links":{"self":[{"href":"https:\/\/www.fahrschule-schenk.com\/index.php?rest_route=\/wp\/v2\/pages\/524","targetHints":{"allow":["GET"]}}],"collection":[{"href":"https:\/\/www.fahrschule-schenk.com\/index.php?rest_route=\/wp\/v2\/pages"}],"about":[{"href":"https:\/\/www.fahrschule-schenk.com\/index.php?rest_route=\/wp\/v2\/types\/page"}],"author":[{"embeddable":true,"href":"https:\/\/www.fahrschule-schenk.com\/index.php?rest_route=\/wp\/v2\/users\/1"}],"replies":[{"embeddable":true,"href":"https:\/\/www.fahrschule-schenk.com\/index.php?rest_route=%2Fwp%2Fv2%2Fcomments&post=524"}],"version-history":[{"count":4,"href":"https:\/\/www.fahrschule-schenk.com\/index.php?rest_route=\/wp\/v2\/pages\/524\/revisions"}],"predecessor-version":[{"id":3072,"href":"https:\/\/www.fahrschule-schenk.com\/index.php?rest_route=\/wp\/v2\/pages\/524\/revisions\/3072"}],"wp:attachment":[{"href":"https:\/\/www.fahrschule-schenk.com\/index.php?rest_route=%2Fwp%2Fv2%2Fmedia&parent=524"}],"curies":[{"name":"wp","href":"https:\/\/api.w.org\/{rel}","templated":true}]}}