{"id":16,"date":"2017-03-30T14:59:58","date_gmt":"2017-03-30T12:59:58","guid":{"rendered":"https:\/\/fahrschule-schenk.com\/?page_id=16"},"modified":"2026-04-10T12:01:51","modified_gmt":"2026-04-10T10:01:51","slug":"home-2","status":"publish","type":"page","link":"https:\/\/www.fahrschule-schenk.com\/","title":{"rendered":"Home"},"content":{"rendered":"<div id=\"pl-16\"  class=\"panel-layout\" ><div id=\"pg-16-0\"  class=\"panel-grid panel-no-style\" ><div id=\"pgc-16-0-0\"  class=\"panel-grid-cell\" ><div id=\"panel-16-0-0-0\" class=\"widget_text so-panel widget widget_custom_html panel-first-child\" data-index=\"0\" ><div class=\"textwidget custom-html-widget\"><h4>Berufe mit Zukunft - Wir bilden aus!<\/h4>\n<h5>Wir sind DEKRA - Zertifizierter Bildungstr\u00e4ger f\u00fcr G\u00fcter- und Personenverkehr.<\/h5>\nWir haben die wichtigen Informationen f\u00fcr Sie zusammengefasst. Klicken Sie daf\u00fcr bitte auf die Buttons und es \u00f6ffnet sich ein PDF.\n\n<div class=\"kad-spacer clearfix\" style=\"height:20px\"><\/div>\n \n\n<div class=\"row\"> <div class=\"col-md-4  \">\n\n<a href=\"https:\/\/fahrschule-schenk.com\/wp-content\/uploads\/2017\/08\/TQ1.pdf\" id=\"kadbtn26\" target=\"_blank\" class=\"kad-btn btn-shortcode kad-btn-primary  \" style=\" border: 0 solid; border-color:#000;  color:#ffffff;\" onMouseOver=\"this.style.color=&#039;#ffffff&#039;\" onMouseOut=\"this.style.color=&#039;#ffffff&#039;\">TQ1 - G\u00fcter bef\u00f6rdern <\/a>\n\n<\/div><div class=\"col-md-4  \">\n\n<a href=\"https:\/\/fahrschule-schenk.com\/wp-content\/uploads\/2017\/08\/TQ3.pdf\" id=\"kadbtn47\" target=\"_blank\" class=\"kad-btn btn-shortcode kad-btn-primary  \" style=\" border: 0 solid; border-color:#000;  color:#ffffff;\" onMouseOver=\"this.style.color=&#039;#ffffff&#039;\" onMouseOut=\"this.style.color=&#039;#ffffff&#039;\">TQ3 - Personen bef\u00f6rdern <\/a>\n\n<\/div><div class=\"col-md-4  \">\n\n<a href=\"https:\/\/fahrschule-schenk.com\/wp-content\/uploads\/2017\/08\/BKF.pdf\" id=\"kadbtn31\" target=\"_blank\" class=\"kad-btn btn-shortcode kad-btn-primary  \" style=\" border: 0 solid; border-color:#000;  color:#ffffff;\" onMouseOver=\"this.style.color=&#039;#ffffff&#039;\" onMouseOut=\"this.style.color=&#039;#ffffff&#039;\">Ma\u00dfnahmen f\u00fcr BKF TQ1\/TQ3 <\/a>\n\n<\/div><\/div>\n\n\n<\/div><\/div><div id=\"panel-16-0-0-1\" class=\"so-panel widget widget_media_image\" data-index=\"1\" ><h3 class=\"widget-title\">BKF-Weiterbildung (Samstagskurse\/Sommer)<\/h3><img loading=\"lazy\" decoding=\"async\" width=\"650\" height=\"650\" src=\"https:\/\/www.fahrschule-schenk.com\/wp-content\/uploads\/2026\/04\/6_BKF_SAMSTAGE_Post_Instagramm-768x768.png\" class=\"image wp-image-3077  attachment-650x650 size-650x650\" alt=\"\" style=\"max-width: 100%; height: auto;\" title=\"BKF-Weiterbildung (Samstagskurse\/Sommer)\" srcset=\"https:\/\/www.fahrschule-schenk.com\/wp-content\/uploads\/2026\/04\/6_BKF_SAMSTAGE_Post_Instagramm-768x768.png 768w, https:\/\/www.fahrschule-schenk.com\/wp-content\/uploads\/2026\/04\/6_BKF_SAMSTAGE_Post_Instagramm-300x300.png 300w, https:\/\/www.fahrschule-schenk.com\/wp-content\/uploads\/2026\/04\/6_BKF_SAMSTAGE_Post_Instagramm-1024x1024.png 1024w, https:\/\/www.fahrschule-schenk.com\/wp-content\/uploads\/2026\/04\/6_BKF_SAMSTAGE_Post_Instagramm-150x150.png 150w, https:\/\/www.fahrschule-schenk.com\/wp-content\/uploads\/2026\/04\/6_BKF_SAMSTAGE_Post_Instagramm-1536x1536.png 1536w, https:\/\/www.fahrschule-schenk.com\/wp-content\/uploads\/2026\/04\/6_BKF_SAMSTAGE_Post_Instagramm-2048x2048.png 2048w, https:\/\/www.fahrschule-schenk.com\/wp-content\/uploads\/2026\/04\/6_BKF_SAMSTAGE_Post_Instagramm.png 2250w\" sizes=\"auto, (max-width: 650px) 100vw, 650px\" \/><\/div><div id=\"panel-16-0-0-2\" class=\"so-panel widget widget_media_image\" data-index=\"2\" ><h3 class=\"widget-title\">Ferienkurs &#8211; Pfingsten<\/h3><img loading=\"lazy\" decoding=\"async\" width=\"650\" height=\"650\" src=\"https:\/\/www.fahrschule-schenk.com\/wp-content\/uploads\/2026\/04\/Pfingsferien-Kurs_2025_Post_Instagramm-1-768x768.png\" class=\"image wp-image-3075  attachment-650x650 size-650x650\" alt=\"\" style=\"max-width: 100%; height: auto;\" title=\"Ferienkurs - Pfingsten\" srcset=\"https:\/\/www.fahrschule-schenk.com\/wp-content\/uploads\/2026\/04\/Pfingsferien-Kurs_2025_Post_Instagramm-1-768x768.png 768w, https:\/\/www.fahrschule-schenk.com\/wp-content\/uploads\/2026\/04\/Pfingsferien-Kurs_2025_Post_Instagramm-1-300x300.png 300w, https:\/\/www.fahrschule-schenk.com\/wp-content\/uploads\/2026\/04\/Pfingsferien-Kurs_2025_Post_Instagramm-1-1024x1024.png 1024w, https:\/\/www.fahrschule-schenk.com\/wp-content\/uploads\/2026\/04\/Pfingsferien-Kurs_2025_Post_Instagramm-1-150x150.png 150w, https:\/\/www.fahrschule-schenk.com\/wp-content\/uploads\/2026\/04\/Pfingsferien-Kurs_2025_Post_Instagramm-1-1536x1536.png 1536w, https:\/\/www.fahrschule-schenk.com\/wp-content\/uploads\/2026\/04\/Pfingsferien-Kurs_2025_Post_Instagramm-1-2048x2048.png 2048w, https:\/\/www.fahrschule-schenk.com\/wp-content\/uploads\/2026\/04\/Pfingsferien-Kurs_2025_Post_Instagramm-1.png 2250w\" sizes=\"auto, (max-width: 650px) 100vw, 650px\" \/><\/div><div id=\"panel-16-0-0-3\" class=\"so-panel widget widget_media_image\" data-index=\"3\" ><h3 class=\"widget-title\">Gabelstapler-Kurs 2026<\/h3><img loading=\"lazy\" decoding=\"async\" width=\"640\" height=\"640\" src=\"https:\/\/www.fahrschule-schenk.com\/wp-content\/uploads\/2026\/03\/GABELSTAPLER_KURS-1-768x768.png\" class=\"image wp-image-3056  attachment-640x640 size-640x640\" alt=\"\" style=\"max-width: 100%; height: auto;\" title=\"Gabelstapler-Kurs 2026\" srcset=\"https:\/\/www.fahrschule-schenk.com\/wp-content\/uploads\/2026\/03\/GABELSTAPLER_KURS-1-768x768.png 768w, https:\/\/www.fahrschule-schenk.com\/wp-content\/uploads\/2026\/03\/GABELSTAPLER_KURS-1-300x300.png 300w, https:\/\/www.fahrschule-schenk.com\/wp-content\/uploads\/2026\/03\/GABELSTAPLER_KURS-1-1024x1024.png 1024w, https:\/\/www.fahrschule-schenk.com\/wp-content\/uploads\/2026\/03\/GABELSTAPLER_KURS-1-150x150.png 150w, https:\/\/www.fahrschule-schenk.com\/wp-content\/uploads\/2026\/03\/GABELSTAPLER_KURS-1-1536x1536.png 1536w, https:\/\/www.fahrschule-schenk.com\/wp-content\/uploads\/2026\/03\/GABELSTAPLER_KURS-1-2048x2048.png 2048w, https:\/\/www.fahrschule-schenk.com\/wp-content\/uploads\/2026\/03\/GABELSTAPLER_KURS-1.png 2250w\" sizes=\"auto, (max-width: 640px) 100vw, 640px\" \/><\/div><div id=\"panel-16-0-0-4\" class=\"so-panel widget widget_media_image\" data-index=\"4\" ><h3 class=\"widget-title\">Unternehmer Pr\u00fcfungsvorbereitungs-Kurs 2026<\/h3><img loading=\"lazy\" decoding=\"async\" width=\"640\" height=\"640\" src=\"https:\/\/www.fahrschule-schenk.com\/wp-content\/uploads\/2026\/02\/UNTERNEHMER_KURS-280823-768x768.png\" class=\"image wp-image-3039  attachment-640x640 size-640x640\" alt=\"\" style=\"max-width: 100%; height: auto;\" title=\"Unternehmer Pr\u00fcfungsvorbereitungs-Kurs 2026\" srcset=\"https:\/\/www.fahrschule-schenk.com\/wp-content\/uploads\/2026\/02\/UNTERNEHMER_KURS-280823-768x768.png 768w, https:\/\/www.fahrschule-schenk.com\/wp-content\/uploads\/2026\/02\/UNTERNEHMER_KURS-280823-300x300.png 300w, https:\/\/www.fahrschule-schenk.com\/wp-content\/uploads\/2026\/02\/UNTERNEHMER_KURS-280823-1024x1024.png 1024w, https:\/\/www.fahrschule-schenk.com\/wp-content\/uploads\/2026\/02\/UNTERNEHMER_KURS-280823-150x150.png 150w, https:\/\/www.fahrschule-schenk.com\/wp-content\/uploads\/2026\/02\/UNTERNEHMER_KURS-280823.png 1080w\" sizes=\"auto, (max-width: 640px) 100vw, 640px\" \/><\/div><div id=\"panel-16-0-0-5\" class=\"so-panel widget widget_media_image panel-last-child\" data-index=\"5\" ><h3 class=\"widget-title\">Beschleunigte Grundqualifizierung 26<\/h3><img loading=\"lazy\" decoding=\"async\" width=\"650\" height=\"650\" src=\"https:\/\/www.fahrschule-schenk.com\/wp-content\/uploads\/2026\/04\/Beschleunigte_Grundquali_Post_Instagramm-768x768.png\" class=\"image wp-image-3060  attachment-650x650 size-650x650\" alt=\"\" style=\"max-width: 100%; height: auto;\" title=\"Beschleunigte Grundqualifizierung 26\" srcset=\"https:\/\/www.fahrschule-schenk.com\/wp-content\/uploads\/2026\/04\/Beschleunigte_Grundquali_Post_Instagramm-768x768.png 768w, https:\/\/www.fahrschule-schenk.com\/wp-content\/uploads\/2026\/04\/Beschleunigte_Grundquali_Post_Instagramm-300x300.png 300w, https:\/\/www.fahrschule-schenk.com\/wp-content\/uploads\/2026\/04\/Beschleunigte_Grundquali_Post_Instagramm-1024x1024.png 1024w, https:\/\/www.fahrschule-schenk.com\/wp-content\/uploads\/2026\/04\/Beschleunigte_Grundquali_Post_Instagramm-150x150.png 150w, https:\/\/www.fahrschule-schenk.com\/wp-content\/uploads\/2026\/04\/Beschleunigte_Grundquali_Post_Instagramm-1536x1536.png 1536w, https:\/\/www.fahrschule-schenk.com\/wp-content\/uploads\/2026\/04\/Beschleunigte_Grundquali_Post_Instagramm-2048x2048.png 2048w, https:\/\/www.fahrschule-schenk.com\/wp-content\/uploads\/2026\/04\/Beschleunigte_Grundquali_Post_Instagramm.png 2250w\" sizes=\"auto, (max-width: 650px) 100vw, 650px\" \/><\/div><\/div><\/div><div id=\"pg-16-1\"  class=\"panel-grid panel-no-style\" ><div id=\"pgc-16-1-0\"  class=\"panel-grid-cell\" ><div id=\"panel-16-1-0-0\" class=\"widget_text so-panel widget widget_custom_html panel-first-child panel-last-child\" data-index=\"6\" ><div class=\"widget_text panel-widget-style panel-widget-style-for-16-1-0-0\" ><div class=\"textwidget custom-html-widget\"><h4>XXL-CHARTER.DE \u2013 BUS und LKW Vermietung f\u00fcr Fahrschulen.<\/h4>\n<a href=\"http:\/\/xxl-charter.de\/\"><img loading=\"lazy\" decoding=\"async\" class=\"aligncenter wp-image-363 size-full\" src=\"https:\/\/www.fahrschule-schenk.com\/wp-content\/uploads\/2018\/04\/XXL-Banner_schenk.jpg\" alt=\"\" width=\"1681\" height=\"549\" \/><\/a>\n\n<hr \/>\n\n<\/div><\/div><\/div><\/div><\/div><div id=\"pg-16-2\"  class=\"panel-grid panel-no-style\" ><div id=\"pgc-16-2-0\"  class=\"panel-grid-cell\" ><div id=\"panel-16-2-0-0\" class=\"widget_text so-panel widget widget_custom_html panel-first-child panel-last-child\" data-index=\"7\" ><div class=\"textwidget custom-html-widget\">* Klasse w\u00e4re w\u00fcnschenswert, ist aber keine Vorraussetzung.<\/div><\/div><\/div><\/div><\/div>","protected":false},"excerpt":{"rendered":"<p>Berufe mit Zukunft &#8211; Wir bilden aus! Wir sind DEKRA &#8211; Zertifizierter Bildungstr\u00e4ger f\u00fcr G\u00fcter- und Personenverkehr. Wir haben die wichtigen Informationen f\u00fcr Sie zusammengefasst. Klicken Sie daf\u00fcr bitte auf die Buttons und es \u00f6ffnet sich ein PDF. TQ1 &#8211; G\u00fcter bef\u00f6rdern TQ3 &#8211; Personen bef\u00f6rdern Ma\u00dfnahmen f\u00fcr BKF TQ1\/TQ3 BKF-Weiterbildung (Samstagskurse\/Sommer)Ferienkurs &#8211; PfingstenGabelstapler-Kurs 2026Unternehmer Pr\u00fcfungsvorbereitungs-Kurs 2026Beschleunigte Grundqualifizierung 26XXL-CHARTER.DE \u2013 BUS und LKW Vermietung f\u00fcr Fahrschulen. * Klasse w\u00e4re w\u00fcnschenswert, ist aber keine Vorraussetzung.<\/p>\n","protected":false},"author":1,"featured_media":0,"parent":0,"menu_order":0,"comment_status":"closed","ping_status":"closed","template":"","meta":{"kt_blocks_editor_width":"","footnotes":""},"class_list":["post-16","page","type-page","status-publish","hentry"],"publishpress_future_action":{"enabled":false,"date":"2026-04-26 03:15:11","action":"change-status","newStatus":"draft","terms":[],"taxonomy":"","extraData":[]},"publishpress_future_workflow_manual_trigger":{"enabledWorkflows":[]},"_links":{"self":[{"href":"https:\/\/www.fahrschule-schenk.com\/index.php?rest_route=\/wp\/v2\/pages\/16","targetHints":{"allow":["GET"]}}],"collection":[{"href":"https:\/\/www.fahrschule-schenk.com\/index.php?rest_route=\/wp\/v2\/pages"}],"about":[{"href":"https:\/\/www.fahrschule-schenk.com\/index.php?rest_route=\/wp\/v2\/types\/page"}],"author":[{"embeddable":true,"href":"https:\/\/www.fahrschule-schenk.com\/index.php?rest_route=\/wp\/v2\/users\/1"}],"replies":[{"embeddable":true,"href":"https:\/\/www.fahrschule-schenk.com\/index.php?rest_route=%2Fwp%2Fv2%2Fcomments&post=16"}],"version-history":[{"count":943,"href":"https:\/\/www.fahrschule-schenk.com\/index.php?rest_route=\/wp\/v2\/pages\/16\/revisions"}],"predecessor-version":[{"id":3078,"href":"https:\/\/www.fahrschule-schenk.com\/index.php?rest_route=\/wp\/v2\/pages\/16\/revisions\/3078"}],"wp:attachment":[{"href":"https:\/\/www.fahrschule-schenk.com\/index.php?rest_route=%2Fwp%2Fv2%2Fmedia&parent=16"}],"curies":[{"name":"wp","href":"https:\/\/api.w.org\/{rel}","templated":true}]}}